{"id":187,"date":"2015-06-10T23:38:31","date_gmt":"2015-06-10T23:38:31","guid":{"rendered":"http:\/\/www.expocomic.cl\/wordpress\/?page_id=187"},"modified":"2024-11-26T19:41:03","modified_gmt":"2024-11-26T22:41:03","slug":"internacionales","status":"publish","type":"page","link":"http:\/\/www.expocomic.cl\/?page_id=187","title":{"rendered":"Participantes Nacionales"},"content":{"rendered":"<ul>\n<li><strong>DIBUJANTES<\/strong><\/li>\n<li>CLUB DE FANS MIGUEL ORTIZ CONDORITO<\/li>\n<li>GERM\u00c1N GABLER &#8211; KILLER<\/li>\n<li>LINCOLN FUENTES<\/li>\n<li>RODRIGO ELGUETA<\/li>\n<li>RAM\u00d3N CARRILLO<\/li>\n<li>MAIRENE PALACIOS<\/li>\n<li>LUKAS BRAVO<\/li>\n<li>CHRISTIAN LUCO\u00a0 CUADERN\u00cdSIMO<\/li>\n<li>MAR\u00cdA JOS\u00c9 MENESES &#8211; CUADERN\u00cdSIMO<\/li>\n<li>XELLO ART<\/li>\n<li>ALEX BIZAMA<\/li>\n<li><strong>EDITORES<\/strong><\/li>\n<li>EDITORIAL CAFUN\u00c9<\/li>\n<li>ARCANO IV<\/li>\n<li>\u00c1UREA EDICIONES<\/li>\n<li><strong>EXPOSITORES<\/strong><\/li>\n<li>LEOTOYS<\/li>\n<li>EKKOS LIBRER\u00cdA<\/li>\n<li>SEBASTI\u00c1N R\u00cdOS &#8211; PEPO<\/li>\n<li>EL REY DEL C\u00d3MIC<\/li>\n<li>CRAZY ALL COMICS<\/li>\n<li>RAMEN MANGA<\/li>\n<li>KAITO STORE<\/li>\n<li>FANBOX<\/li>\n<li><strong>FOODTRUCK<\/strong><\/li>\n<li>COVITA CUPCAKES<\/li>\n<li>MONSTER ROLL CHILE<\/li>\n<li>ORGANILLEROS<\/li>\n<\/ul>\n\n\n<p><\/p>\n<div class=\"addtoany_share_save_container addtoany_content_bottom\"><div class=\"a2a_kit a2a_kit_size_32 addtoany_list a2a_target\" id=\"wpa2a_1\">\n<script type=\"text\/javascript\"><!--\nwpa2a.script_load();\n\/\/--><\/script>\n<\/div><\/div>","protected":false},"excerpt":{"rendered":"<p>DIBUJANTES CLUB DE FANS MIGUEL ORTIZ CONDORITO GERM\u00c1N GABLER &#8211; KILLER LINCOLN FUENTES RODRIGO ELGUETA RAM\u00d3N CARRILLO MAIRENE PALACIOS LUKAS BRAVO CHRISTIAN LUCO\u00a0 CUADERN\u00cdSIMO MAR\u00cdA JOS\u00c9 MENESES &#8211; CUADERN\u00cdSIMO XELLO ART ALEX BIZAMA EDITORES EDITORIAL CAFUN\u00c9 ARCANO IV \u00c1UREA EDICIONES EXPOSITORES LEOTOYS EKKOS LIBRER\u00cdA SEBASTI\u00c1N R\u00cdOS &#8211; PEPO EL REY DEL C\u00d3MIC CRAZY ALL COMICS &hellip; <\/p>\n<p><a class=\"more-link block-button\" href=\"http:\/\/www.expocomic.cl\/?page_id=187\">Continuar leyendo &raquo;<\/a><\/p>\n","protected":false},"author":3,"featured_media":0,"parent":0,"menu_order":0,"comment_status":"open","ping_status":"open","template":"","meta":[],"_links":{"self":[{"href":"http:\/\/www.expocomic.cl\/index.php?rest_route=\/wp\/v2\/pages\/187"}],"collection":[{"href":"http:\/\/www.expocomic.cl\/index.php?rest_route=\/wp\/v2\/pages"}],"about":[{"href":"http:\/\/www.expocomic.cl\/index.php?rest_route=\/wp\/v2\/types\/page"}],"author":[{"embeddable":true,"href":"http:\/\/www.expocomic.cl\/index.php?rest_route=\/wp\/v2\/users\/3"}],"replies":[{"embeddable":true,"href":"http:\/\/www.expocomic.cl\/index.php?rest_route=%2Fwp%2Fv2%2Fcomments&post=187"}],"version-history":[{"count":65,"href":"http:\/\/www.expocomic.cl\/index.php?rest_route=\/wp\/v2\/pages\/187\/revisions"}],"predecessor-version":[{"id":3553,"href":"http:\/\/www.expocomic.cl\/index.php?rest_route=\/wp\/v2\/pages\/187\/revisions\/3553"}],"wp:attachment":[{"href":"http:\/\/www.expocomic.cl\/index.php?rest_route=%2Fwp%2Fv2%2Fmedia&parent=187"}],"curies":[{"name":"wp","href":"https:\/\/api.w.org\/{rel}","templated":true}]}}